{"id":1471,"date":"2016-06-17T23:43:37","date_gmt":"2016-06-17T21:43:37","guid":{"rendered":"https:\/\/terrainweb.sk\/?page_id=1471"},"modified":"2025-04-04T10:26:28","modified_gmt":"2025-04-04T08:26:28","slug":"nase-priestory","status":"publish","type":"page","link":"https:\/\/terrainweb.sk\/?page_id=1471","title":{"rendered":"ako pracujeme"},"content":{"rendered":"<p><div class=\"fusion-fullwidth fullwidth-box fusion-builder-row-1 nonhundred-percent-fullwidth non-hundred-percent-height-scrolling\" style=\"--awb-background-position:left top;--awb-border-sizes-top:0px;--awb-border-sizes-bottom:0px;--awb-border-sizes-left:0px;--awb-border-sizes-right:0px;--awb-border-radius-top-left:0px;--awb-border-radius-top-right:0px;--awb-border-radius-bottom-right:0px;--awb-border-radius-bottom-left:0px;--awb-padding-top:20px;--awb-padding-bottom:20px;--awb-flex-wrap:wrap;\" ><div class=\"fusion-builder-row fusion-row\"><div class=\"fusion-layout-column fusion_builder_column fusion-builder-column-0 fusion_builder_column_1_1 1_1 fusion-one-full fusion-column-first fusion-column-last fusion-column-no-min-height\" style=\"--awb-bg-size:cover;--awb-margin-bottom:0px;\"><div class=\"fusion-column-wrapper fusion-flex-column-wrapper-legacy\"><div class=\"fusion-title title fusion-title-1 fusion-sep-none fusion-title-center fusion-title-text fusion-title-size-one\"><h1 class=\"fusion-title-heading title-heading-center\" style=\"margin:0;\"><h2 style=\"text-align: center;font-size:14px !important;\" \"=\"\" align=\"center\">\n\t<em><br \/>\n\t\t<strong><br \/>\n\t\t\t&#8222;Z\u00e1zraky sa za\u010d\u00ednaj\u00fa dia\u0165,&nbsp;ke\u010f venuje\u0161 svojim snom&nbsp;pr\u00e1ve to\u013eko energie&nbsp;ako svojim strachom.&#8220;<br \/>\n\t\t\t(nezn\u00e1my autor)<br \/>\n\t\t<\/strong><br \/>\n\t<\/em><br \/>\n<\/h2><\/h1><\/div><div class=\"fusion-clearfix\"><\/div><\/div><\/div><\/div><\/div><div class=\"fusion-fullwidth fullwidth-box fusion-builder-row-2 hundred-percent-fullwidth non-hundred-percent-height-scrolling\" style=\"--awb-border-radius-top-left:0px;--awb-border-radius-top-right:0px;--awb-border-radius-bottom-right:0px;--awb-border-radius-bottom-left:0px;--awb-overflow:visible;--awb-padding-right:30px;--awb-padding-left:30px;--awb-margin-top:35px;--awb-background-color:rgba(255,255,255,0);--awb-flex-wrap:wrap;\" ><div class=\"fusion-builder-row fusion-row\"><div class=\"fusion-layout-column fusion_builder_column fusion-builder-column-1 fusion_builder_column_1_1 1_1 fusion-one-full fusion-column-first fusion-column-last fusion-column-no-min-height\" style=\"--awb-bg-size:cover;--awb-margin-bottom:0px;\"><div class=\"fusion-column-wrapper fusion-flex-column-wrapper-legacy\"><div class=\"fusion-sep-clear\"><\/div><div class=\"fusion-separator fusion-full-width-sep\" style=\"margin-left: auto;margin-right: auto;width:100%;\"><\/div><div class=\"fusion-sep-clear\"><\/div><div class=\"fusion-clearfix\"><\/div><\/div><\/div><\/div><\/div><div class=\"fusion-fullwidth fullwidth-box fusion-builder-row-3 nonhundred-percent-fullwidth non-hundred-percent-height-scrolling\" style=\"--awb-background-position:left top;--awb-border-sizes-top:0px;--awb-border-sizes-bottom:0px;--awb-border-sizes-left:0px;--awb-border-sizes-right:0px;--awb-border-radius-top-left:0px;--awb-border-radius-top-right:0px;--awb-border-radius-bottom-right:0px;--awb-border-radius-bottom-left:0px;--awb-padding-top:20px;--awb-padding-bottom:20px;--awb-background-color:#f9d092;--awb-flex-wrap:wrap;\" ><div class=\"fusion-builder-row fusion-row\"><div class=\"fusion-layout-column fusion_builder_column fusion-builder-column-2 fusion_builder_column_1_1 1_1 fusion-one-full fusion-column-first fusion-column-last fusion-column-no-min-height\" style=\"--awb-bg-size:cover;--awb-margin-bottom:0px;\"><div class=\"fusion-column-wrapper fusion-flex-column-wrapper-legacy\"><div class=\"fusion-sep-clear\"><\/div><div class=\"fusion-separator fusion-full-width-sep\" style=\"margin-left: auto;margin-right: auto;margin-top:25px;width:100%;\"><\/div><div class=\"fusion-sep-clear\"><\/div><div class=\"fusion-clearfix\"><\/div><\/div><\/div><div class=\"fusion-layout-column fusion_builder_column fusion-builder-column-3 fusion_builder_column_1_2 1_2 fusion-one-half fusion-column-first\" style=\"--awb-bg-size:cover;width:48%; margin-right: 4%;\"><div class=\"fusion-column-wrapper fusion-flex-column-wrapper-legacy\"><div class=\"fusion-title title fusion-title-2 fusion-sep-none fusion-title-text fusion-title-size-one\"><h1 class=\"fusion-title-heading title-heading-left\" style=\"margin:0;\">Z\u00a0terapeutickej miestnosti<\/h1><\/div><div class=\"fusion-text fusion-text-1\"><h2 style=\"text-align: justify;\">V t\u00fdchto priestoroch pracujeme s p\u00e1rom alebo jednotlivcom. Taktie\u017e ju pou\u017e\u00edvame na skupinov\u00e9 aktivity a z\u00e1\u017eitkov\u00e9 semin\u00e1re zameran\u00e9 na osobnostn\u00fd rast.<\/h2>\n<h2 dir=\"ltr\" style=\"text-align: justify;\">V terapii a poradenstve\u00a0 s dospelou klientelou vych\u00e1dzame z t\u00fdchto terapeutick\u00fdch \u0161k\u00f4l:<br \/>\nKognit\u00edvno -behavior\u00e1lna psychoterapia a<br \/>\nProcesorientovan\u00e1 psychoterapia<\/h2>\n<\/div><div class=\"fusion-clearfix\"><\/div><\/div><\/div><div class=\"fusion-layout-column fusion_builder_column fusion-builder-column-4 fusion_builder_column_1_2 1_2 fusion-one-half fusion-column-last\" style=\"--awb-bg-size:cover;width:48%;\"><div class=\"fusion-column-wrapper fusion-flex-column-wrapper-legacy\"><div>  <\/div><style type=\"text\/css\" scoped>.rbs_gallery_69ec776674fbeSpinner{\r\n\t\t\t\tmargin: 50px auto;\r\n\t\t\t\twidth: 50px;\r\n\t\t\t\theight: 40px;\r\n\t\t\t\ttext-align: center;\r\n\t\t\t\tfont-size: 10px;\r\n\t\t\t}\r\n\t\t\t.rbs_gallery_69ec776674fbeSpinner > div{\r\n\t\t\t  background-color: #333;\r\n\t\t\t  height: 100%;\r\n\t\t\t  width: 6px;\r\n\t\t\t  display: inline-block;\r\n\t\t\t  -webkit-animation: rbs_gallery_69ec776674fbe-stretchdelay 1.2s infinite ease-in-out;\r\n\t\t\t  animation: rbs_gallery_69ec776674fbe-stretchdelay 1.2s infinite ease-in-out;\r\n\t\t\t}\r\n\t\t\t.rbs_gallery_69ec776674fbeSpinner .rbs_gallery_69ec776674fbeRect2 {\r\n\t\t\t  -webkit-animation-delay: -1.1s;\r\n\t\t\t  animation-delay: -1.1s;\r\n\t\t\t}\r\n\t\t\t.rbs_gallery_69ec776674fbeSpinner .rbs_gallery_69ec776674fbeRect3 {\r\n\t\t\t  -webkit-animation-delay: -1.0s;\r\n\t\t\t  animation-delay: -1.0s;\r\n\t\t\t}\r\n\t\t\t.rbs_gallery_69ec776674fbeSpinner .rbs_gallery_69ec776674fbeRect4 {\r\n\t\t\t  -webkit-animation-delay: -0.9s;\r\n\t\t\t  animation-delay: -0.9s;\r\n\t\t\t}\r\n\t\t\t.rbs_gallery_69ec776674fbeSpinner .rbs_gallery_69ec776674fbeRect5 {\r\n\t\t\t  -webkit-animation-delay: -0.8s;\r\n\t\t\t  animation-delay: -0.8s;\r\n\t\t\t}\r\n\t\t\t@-webkit-keyframes rbs_gallery_69ec776674fbe-stretchdelay {\r\n\t\t\t  0%, 40%, 100% { -webkit-transform: scaleY(0.4) }  \r\n\t\t\t  20% { -webkit-transform: scaleY(1.0) }\r\n\t\t\t}\r\n\t\t\t@keyframes rbs_gallery_69ec776674fbe-stretchdelay {\r\n\t\t\t  0%, 40%, 100% { \r\n\t\t\t    transform: scaleY(0.4);\r\n\t\t\t    -webkit-transform: scaleY(0.4);\r\n\t\t\t  }  20% { \r\n\t\t\t    transform: scaleY(1.0);\r\n\t\t\t    -webkit-transform: scaleY(1.0);\r\n\t\t\t  }\r\n\t\t\t}\r\n\t\t<\/style><div class=\"robo-gallery-wrap robo-gallery-wrap-id1511 robo-gallery-\" ><div id=\"rbs_gallery_69ec776674fbe-block-loader\" class=\"rbs_gallery_69ec776674fbeSpinner\"><div class=\"rbs_gallery_69ec776674fbeRect1\"><\/div> <div class=\"rbs_gallery_69ec776674fbeRect2\"><\/div> <div class=\"rbs_gallery_69ec776674fbeRect3\"><\/div> <div class=\"rbs_gallery_69ec776674fbeRect4\"><\/div> <div class=\"rbs_gallery_69ec776674fbeRect5\"><\/div><\/div><div class=\"rbs_gallery_button  rbs_gallery_align_center\" id=\"rbs_gallery_69ec776674fbefilter\" style=\" display: none;\" ><\/div><div id=\"robo_gallery_main_block_rbs_gallery_69ec776674fbe\" class=\"robogallery-gallery-1511\" style=\"width:100%;margin:0 auto;  display: none;\"><div id=\"rbs_gallery_69ec776674fbe\" data-options=\"rbs_gallery_69ec776674fbe\" style=\"width:100%;\" class=\"robo_gallery  \"><div class=\"rbs-img  category1511 \" ><div class=\"rbs-img-image   rbs-lightbox \" ><div class=\"rbs-img-thumbs\"  data-thumbnail=\"https:\/\/terrainweb.sk\/wp-content\/uploads\/2016\/06\/IMG_7351-1-300x200.jpg\"  title=\"IMG_7351 (1)\"  data-width=\"300\"  data-height=\"200\" ><\/div><div class=\"rbs-img-data-popup\"  data-popup=\"https:\/\/terrainweb.sk\/wp-content\/uploads\/2016\/06\/IMG_7351-1.jpg\"  title=\"IMG_7351 (1)\" ><\/div><div class=\"thumbnail-overlay\"><div class=\"rbsTitle \">IMG_7351 (1)<\/div><div class=\"rbsIcons\"><i class=\"fa fa-search-plus rbsZoomIcon \" ><\/i><\/div><\/div><\/div><\/div><div class=\"rbs-img  category1511 \" ><div class=\"rbs-img-image   rbs-lightbox \" ><div class=\"rbs-img-thumbs\"  data-thumbnail=\"https:\/\/terrainweb.sk\/wp-content\/uploads\/2016\/06\/IMG_7333-1-300x200.jpg\"  title=\"IMG_7333 (1)\"  data-width=\"300\"  data-height=\"200\" ><\/div><div class=\"rbs-img-data-popup\"  data-popup=\"https:\/\/terrainweb.sk\/wp-content\/uploads\/2016\/06\/IMG_7333-1.jpg\"  title=\"IMG_7333 (1)\" ><\/div><div class=\"thumbnail-overlay\"><div class=\"rbsTitle \">IMG_7333 (1)<\/div><div class=\"rbsIcons\"><i class=\"fa fa-search-plus rbsZoomIcon \" ><\/i><\/div><\/div><\/div><\/div><\/div><\/div><\/div><script>var rbs_gallery_69ec776674fbe = {\"version\":\"5.1.4\",\"id\":1511,\"class\":\"id1511\",\"roboGalleryDelay\":1000,\"mainContainer\":\"#robo_gallery_main_block_rbs_gallery_69ec776674fbe\",\"loadingContainer\":\"#rbs_gallery_69ec776674fbe-block-loader\",\"loadingContainerObj\":\"rbs_gallery_69ec776674fbe-block-loader\",\"columnWidth\":\"auto\",\"columns\":3,\"resolutions\":[{\"columnWidth\":\"auto\",\"columns\":3,\"maxWidth\":960},{\"columnWidth\":\"auto\",\"columns\":2,\"maxWidth\":650},{\"columnWidth\":\"auto\",\"columns\":1,\"maxWidth\":450}],\"lightboxOptions\":{\"gallery\":{\"enabled\":true,\"tCounter\":\"%curr%  of  %total%\"}},\"overlayEffect\":\"direction-aware-fade\",\"boxesToLoadStart\":12,\"boxesToLoad\":8,\"waitUntilThumbLoads\":1,\"LoadingWord\":\"Loading...\",\"loadMoreWord\":\"Load More\",\"noMoreEntriesWord\":\"No More Entries\",\"horizontalSpaceBetweenBoxes\":15,\"verticalSpaceBetweenBoxes\":15,\"lazyLoad\":1,\"wrapContainer\":\"#robo-gallery-wrap-rbs_gallery_69ec776674fbe\",\"filterContainer\":\"#rbs_gallery_69ec776674fbefilter\",\"loadMoreClass\":\"button-border-caution \"};<\/script><div>  <\/div><div class=\"fusion-clearfix\"><\/div><\/div><\/div><\/div><\/div><div class=\"fusion-fullwidth fullwidth-box fusion-builder-row-4 nonhundred-percent-fullwidth non-hundred-percent-height-scrolling\" style=\"--awb-background-position:center bottom;--awb-border-sizes-top:0px;--awb-border-sizes-bottom:0px;--awb-border-sizes-left:0px;--awb-border-sizes-right:0px;--awb-border-radius-top-left:0px;--awb-border-radius-top-right:0px;--awb-border-radius-bottom-right:0px;--awb-border-radius-bottom-left:0px;--awb-padding-top:20px;--awb-background-color:#d1b694;--awb-flex-wrap:wrap;\" ><div class=\"fusion-builder-row fusion-row\"><div class=\"fusion-layout-column fusion_builder_column fusion-builder-column-5 fusion_builder_column_1_1 1_1 fusion-one-full fusion-column-first fusion-column-last fusion-column-no-min-height\" style=\"--awb-bg-size:cover;--awb-margin-bottom:0px;\"><div class=\"fusion-column-wrapper fusion-flex-column-wrapper-legacy\"><div class=\"fusion-sep-clear\"><\/div><div class=\"fusion-separator fusion-full-width-sep\" style=\"margin-left: auto;margin-right: auto;margin-top:25px;width:100%;\"><\/div><div class=\"fusion-sep-clear\"><\/div><div class=\"fusion-clearfix\"><\/div><\/div><\/div><div class=\"fusion-layout-column fusion_builder_column fusion-builder-column-6 fusion_builder_column_1_2 1_2 fusion-one-half fusion-column-first\" style=\"--awb-bg-size:cover;width:48%; margin-right: 4%;\"><div class=\"fusion-column-wrapper fusion-flex-column-wrapper-legacy\"><div>   <\/div><style type=\"text\/css\" scoped>.rbs_gallery_69ec77667e7d7Spinner{\r\n\t\t\t\tmargin: 50px auto;\r\n\t\t\t\twidth: 50px;\r\n\t\t\t\theight: 40px;\r\n\t\t\t\ttext-align: center;\r\n\t\t\t\tfont-size: 10px;\r\n\t\t\t}\r\n\t\t\t.rbs_gallery_69ec77667e7d7Spinner > div{\r\n\t\t\t  background-color: #333;\r\n\t\t\t  height: 100%;\r\n\t\t\t  width: 6px;\r\n\t\t\t  display: inline-block;\r\n\t\t\t  -webkit-animation: rbs_gallery_69ec77667e7d7-stretchdelay 1.2s infinite ease-in-out;\r\n\t\t\t  animation: rbs_gallery_69ec77667e7d7-stretchdelay 1.2s infinite ease-in-out;\r\n\t\t\t}\r\n\t\t\t.rbs_gallery_69ec77667e7d7Spinner .rbs_gallery_69ec77667e7d7Rect2 {\r\n\t\t\t  -webkit-animation-delay: -1.1s;\r\n\t\t\t  animation-delay: -1.1s;\r\n\t\t\t}\r\n\t\t\t.rbs_gallery_69ec77667e7d7Spinner .rbs_gallery_69ec77667e7d7Rect3 {\r\n\t\t\t  -webkit-animation-delay: -1.0s;\r\n\t\t\t  animation-delay: -1.0s;\r\n\t\t\t}\r\n\t\t\t.rbs_gallery_69ec77667e7d7Spinner .rbs_gallery_69ec77667e7d7Rect4 {\r\n\t\t\t  -webkit-animation-delay: -0.9s;\r\n\t\t\t  animation-delay: -0.9s;\r\n\t\t\t}\r\n\t\t\t.rbs_gallery_69ec77667e7d7Spinner .rbs_gallery_69ec77667e7d7Rect5 {\r\n\t\t\t  -webkit-animation-delay: -0.8s;\r\n\t\t\t  animation-delay: -0.8s;\r\n\t\t\t}\r\n\t\t\t@-webkit-keyframes rbs_gallery_69ec77667e7d7-stretchdelay {\r\n\t\t\t  0%, 40%, 100% { -webkit-transform: scaleY(0.4) }  \r\n\t\t\t  20% { -webkit-transform: scaleY(1.0) }\r\n\t\t\t}\r\n\t\t\t@keyframes rbs_gallery_69ec77667e7d7-stretchdelay {\r\n\t\t\t  0%, 40%, 100% { \r\n\t\t\t    transform: scaleY(0.4);\r\n\t\t\t    -webkit-transform: scaleY(0.4);\r\n\t\t\t  }  20% { \r\n\t\t\t    transform: scaleY(1.0);\r\n\t\t\t    -webkit-transform: scaleY(1.0);\r\n\t\t\t  }\r\n\t\t\t}\r\n\t\t<\/style><div class=\"robo-gallery-wrap robo-gallery-wrap-id1514 robo-gallery-\" ><div id=\"rbs_gallery_69ec77667e7d7-block-loader\" class=\"rbs_gallery_69ec77667e7d7Spinner\"><div class=\"rbs_gallery_69ec77667e7d7Rect1\"><\/div> <div class=\"rbs_gallery_69ec77667e7d7Rect2\"><\/div> <div class=\"rbs_gallery_69ec77667e7d7Rect3\"><\/div> <div class=\"rbs_gallery_69ec77667e7d7Rect4\"><\/div> <div class=\"rbs_gallery_69ec77667e7d7Rect5\"><\/div><\/div><div class=\"rbs_gallery_button  rbs_gallery_align_center\" id=\"rbs_gallery_69ec77667e7d7filter\" style=\" display: none;\" ><\/div><div id=\"robo_gallery_main_block_rbs_gallery_69ec77667e7d7\" class=\"robogallery-gallery-1514\" style=\"width:100%;margin:0 auto;  display: none;\"><div id=\"rbs_gallery_69ec77667e7d7\" data-options=\"rbs_gallery_69ec77667e7d7\" style=\"width:100%;\" class=\"robo_gallery  \"><div class=\"rbs-img  category1514 \" ><div class=\"rbs-img-image   rbs-lightbox \" ><div class=\"rbs-img-thumbs\"  data-thumbnail=\"https:\/\/terrainweb.sk\/wp-content\/uploads\/2016\/06\/1-1-300x200.jpg\"  title=\"1 (1)\"  data-width=\"300\"  data-height=\"200\" ><\/div><div class=\"rbs-img-data-popup\"  data-popup=\"https:\/\/terrainweb.sk\/wp-content\/uploads\/2016\/06\/1-1.jpg\"  title=\"1 (1)\" ><\/div><div class=\"thumbnail-overlay\"><div class=\"rbsTitle \">1 (1)<\/div><div class=\"rbsIcons\"><i class=\"fa fa-search-plus rbsZoomIcon \" ><\/i><\/div><\/div><\/div><\/div><div class=\"rbs-img  category1514 \" ><div class=\"rbs-img-image   rbs-lightbox \" ><div class=\"rbs-img-thumbs\"  data-thumbnail=\"https:\/\/terrainweb.sk\/wp-content\/uploads\/2016\/06\/2-1-300x200.jpg\"  title=\"2 (1)\"  data-width=\"300\"  data-height=\"200\" ><\/div><div class=\"rbs-img-data-popup\"  data-popup=\"https:\/\/terrainweb.sk\/wp-content\/uploads\/2016\/06\/2-1.jpg\"  title=\"2 (1)\" ><\/div><div class=\"thumbnail-overlay\"><div class=\"rbsTitle \">2 (1)<\/div><div class=\"rbsIcons\"><i class=\"fa fa-search-plus rbsZoomIcon \" ><\/i><\/div><\/div><\/div><\/div><div class=\"rbs-img  category1514 \" ><div class=\"rbs-img-image   rbs-lightbox \" ><div class=\"rbs-img-thumbs\"  data-thumbnail=\"https:\/\/terrainweb.sk\/wp-content\/uploads\/2016\/06\/3-1-300x200.jpg\"  title=\"3 (1)\"  data-width=\"300\"  data-height=\"200\" ><\/div><div class=\"rbs-img-data-popup\"  data-popup=\"https:\/\/terrainweb.sk\/wp-content\/uploads\/2016\/06\/3-1.jpg\"  title=\"3 (1)\" ><\/div><div class=\"thumbnail-overlay\"><div class=\"rbsTitle \">3 (1)<\/div><div class=\"rbsIcons\"><i class=\"fa fa-search-plus rbsZoomIcon \" ><\/i><\/div><\/div><\/div><\/div><div class=\"rbs-img  category1514 \" ><div class=\"rbs-img-image   rbs-lightbox \" ><div class=\"rbs-img-thumbs\"  data-thumbnail=\"https:\/\/terrainweb.sk\/wp-content\/uploads\/2016\/06\/4-1-300x200.jpg\"  title=\"4 (1)\"  data-width=\"300\"  data-height=\"200\" ><\/div><div class=\"rbs-img-data-popup\"  data-popup=\"https:\/\/terrainweb.sk\/wp-content\/uploads\/2016\/06\/4-1.jpg\"  title=\"4 (1)\" ><\/div><div class=\"thumbnail-overlay\"><div class=\"rbsTitle \">4 (1)<\/div><div class=\"rbsIcons\"><i class=\"fa fa-search-plus rbsZoomIcon \" ><\/i><\/div><\/div><\/div><\/div><div class=\"rbs-img  category1514 \" ><div class=\"rbs-img-image   rbs-lightbox \" ><div class=\"rbs-img-thumbs\"  data-thumbnail=\"https:\/\/terrainweb.sk\/wp-content\/uploads\/2016\/06\/5-1-300x200.jpg\"  title=\"5 (1)\"  data-width=\"300\"  data-height=\"200\" ><\/div><div class=\"rbs-img-data-popup\"  data-popup=\"https:\/\/terrainweb.sk\/wp-content\/uploads\/2016\/06\/5-1.jpg\"  title=\"5 (1)\" ><\/div><div class=\"thumbnail-overlay\"><div class=\"rbsTitle \">5 (1)<\/div><div class=\"rbsIcons\"><i class=\"fa fa-search-plus rbsZoomIcon \" ><\/i><\/div><\/div><\/div><\/div><div class=\"rbs-img  category1514 \" ><div class=\"rbs-img-image   rbs-lightbox \" ><div class=\"rbs-img-thumbs\"  data-thumbnail=\"https:\/\/terrainweb.sk\/wp-content\/uploads\/2016\/06\/6-1-300x200.jpg\"  title=\"6 (1)\"  data-width=\"300\"  data-height=\"200\" ><\/div><div class=\"rbs-img-data-popup\"  data-popup=\"https:\/\/terrainweb.sk\/wp-content\/uploads\/2016\/06\/6-1.jpg\"  title=\"6 (1)\" ><\/div><div class=\"thumbnail-overlay\"><div class=\"rbsTitle \">6 (1)<\/div><div class=\"rbsIcons\"><i class=\"fa fa-search-plus rbsZoomIcon \" ><\/i><\/div><\/div><\/div><\/div><\/div><\/div><\/div><script>var rbs_gallery_69ec77667e7d7 = {\"version\":\"5.1.4\",\"id\":1514,\"class\":\"id1514\",\"roboGalleryDelay\":1000,\"mainContainer\":\"#robo_gallery_main_block_rbs_gallery_69ec77667e7d7\",\"loadingContainer\":\"#rbs_gallery_69ec77667e7d7-block-loader\",\"loadingContainerObj\":\"rbs_gallery_69ec77667e7d7-block-loader\",\"columnWidth\":\"auto\",\"columns\":3,\"resolutions\":[{\"columnWidth\":\"auto\",\"columns\":3,\"maxWidth\":960},{\"columnWidth\":\"auto\",\"columns\":2,\"maxWidth\":650},{\"columnWidth\":\"auto\",\"columns\":1,\"maxWidth\":450}],\"lightboxOptions\":{\"gallery\":{\"enabled\":true,\"tCounter\":\"%curr%  of  %total%\"}},\"overlayEffect\":\"direction-aware-fade\",\"boxesToLoadStart\":12,\"boxesToLoad\":8,\"waitUntilThumbLoads\":1,\"LoadingWord\":\"Loading...\",\"loadMoreWord\":\"Load More\",\"noMoreEntriesWord\":\"No More Entries\",\"horizontalSpaceBetweenBoxes\":15,\"verticalSpaceBetweenBoxes\":15,\"lazyLoad\":1,\"wrapContainer\":\"#robo-gallery-wrap-rbs_gallery_69ec77667e7d7\",\"filterContainer\":\"#rbs_gallery_69ec77667e7d7filter\",\"loadMoreClass\":\"button-border-caution \"};<\/script><div>   <\/div><div class=\"fusion-clearfix\"><\/div><\/div><\/div><div class=\"fusion-layout-column fusion_builder_column fusion-builder-column-7 fusion_builder_column_1_2 1_2 fusion-one-half fusion-column-last\" style=\"--awb-bg-size:cover;width:48%;\"><div class=\"fusion-column-wrapper fusion-flex-column-wrapper-legacy\"><div class=\"fusion-title title fusion-title-3 fusion-sep-none fusion-title-text fusion-title-size-one\"><h1 class=\"fusion-title-heading title-heading-left\" style=\"margin:0;\">&#8230;momenty z terapeutickej herne<\/h1><\/div><div class=\"fusion-text fusion-text-2\"><h2 style=\"text-align: justify;\"><span style=\"line-height: 1.5;\">V terapeutick\u00fdch herniach materi\u00e1l a usporiadanie sl\u00fa\u017ei na pr\u00e1cu s detsk\u00fdm klientom a\/alebo s rodi\u010dom a die\u0165a\u0165om. Vych\u00e1dzame z Hrovej a Fili\u00e1lnej terapie s vyu\u017eit\u00edm hern\u00e9ho pieskoviska a in\u00fdch terapeutick\u00fdch techn\u00edk.<\/span><\/h2>\n<\/div><div class=\"fusion-clearfix\"><\/div><\/div><\/div><\/div><\/div><\/p>\n","protected":false},"excerpt":{"rendered":"","protected":false},"author":1,"featured_media":0,"parent":0,"menu_order":0,"comment_status":"closed","ping_status":"closed","template":"100-width.php","meta":{"footnotes":""},"class_list":["post-1471","page","type-page","status-publish","hentry"],"_links":{"self":[{"href":"https:\/\/terrainweb.sk\/index.php?rest_route=\/wp\/v2\/pages\/1471","targetHints":{"allow":["GET"]}}],"collection":[{"href":"https:\/\/terrainweb.sk\/index.php?rest_route=\/wp\/v2\/pages"}],"about":[{"href":"https:\/\/terrainweb.sk\/index.php?rest_route=\/wp\/v2\/types\/page"}],"author":[{"embeddable":true,"href":"https:\/\/terrainweb.sk\/index.php?rest_route=\/wp\/v2\/users\/1"}],"replies":[{"embeddable":true,"href":"https:\/\/terrainweb.sk\/index.php?rest_route=%2Fwp%2Fv2%2Fcomments&post=1471"}],"version-history":[{"count":3,"href":"https:\/\/terrainweb.sk\/index.php?rest_route=\/wp\/v2\/pages\/1471\/revisions"}],"predecessor-version":[{"id":2836,"href":"https:\/\/terrainweb.sk\/index.php?rest_route=\/wp\/v2\/pages\/1471\/revisions\/2836"}],"wp:attachment":[{"href":"https:\/\/terrainweb.sk\/index.php?rest_route=%2Fwp%2Fv2%2Fmedia&parent=1471"}],"curies":[{"name":"wp","href":"https:\/\/api.w.org\/{rel}","templated":true}]}}