{"id":1469,"date":"2016-06-17T23:42:57","date_gmt":"2016-06-17T21:42:57","guid":{"rendered":"https:\/\/terrainweb.sk\/?page_id=1469"},"modified":"2025-02-28T12:14:13","modified_gmt":"2025-02-28T11:14:13","slug":"dokumenty","status":"publish","type":"page","link":"https:\/\/terrainweb.sk\/?page_id=1469","title":{"rendered":"Dokumenty"},"content":{"rendered":"<div class=\"fusion-fullwidth fullwidth-box fusion-builder-row-1 nonhundred-percent-fullwidth non-hundred-percent-height-scrolling\" style=\"--awb-background-position:left top;--awb-border-radius-top-left:0px;--awb-border-radius-top-right:0px;--awb-border-radius-bottom-right:0px;--awb-border-radius-bottom-left:0px;--awb-padding-top:20px;--awb-padding-bottom:20px;--awb-border-sizes-top:0px;--awb-border-sizes-bottom:0px;--awb-flex-wrap:wrap;\" ><div class=\"fusion-builder-row fusion-row\"><div class=\"fusion-layout-column fusion_builder_column fusion-builder-column-0 fusion_builder_column_1_1 1_1 fusion-one-full fusion-column-first fusion-column-last fusion-column-no-min-height\" style=\"--awb-bg-size:cover;--awb-margin-bottom:0px;\"><div class=\"fusion-column-wrapper fusion-flex-column-wrapper-legacy\"><div class=\"fusion-text fusion-text-1\"><ul>\n<li>\n<h2 style=\"text-align: justify;\">Ob\u010dianske zdru\u017eenie (IZV) bolo zaregistrovan\u00e9 pod\u013ea z\u00e1kona \u010d.83\/1990 Zb. o\u00a0zdru\u017eovan\u00ed ob\u010danov v\u00a0znen\u00ed\u00a0neskor\u0161\u00edch predpisov d\u0148a 06.02.2015.<\/h2>\n<h2 style=\"text-align: justify;\">(dokument v pdf \u00a0&#8211; <a href=\"http:\/\/deenzo.com\/terrain\/wp-content\/uploads\/2016\/05\/IZV.pdf\"><img decoding=\"async\" class=\"alignnone wp-image-1788\" src=\"https:\/\/terrainweb.sk\/wp-content\/uploads\/2016\/06\/pdf.png\" alt=\"pdf\" width=\"32\" height=\"32\" srcset=\"https:\/\/terrainweb.sk\/wp-content\/uploads\/2016\/06\/pdf-66x66.png 66w, https:\/\/terrainweb.sk\/wp-content\/uploads\/2016\/06\/pdf-120x120.png 120w, https:\/\/terrainweb.sk\/wp-content\/uploads\/2016\/06\/pdf-150x150.png 150w, https:\/\/terrainweb.sk\/wp-content\/uploads\/2016\/06\/pdf-200x200.png 200w, https:\/\/terrainweb.sk\/wp-content\/uploads\/2016\/06\/pdf.png 256w\" sizes=\"(max-width: 32px) 100vw, 32px\" \/><\/a><a href=\"https:\/\/terrainweb.sk\/wp-content\/uploads\/2016\/08\/IZV-1.pdf\">\u00a0<strong>IZV<\/strong><\/a>)<\/h2>\n<\/li>\n<\/ul>\n<ul style=\"text-align: justify;\">\n<li>\n<h2>Ob\u010dianske zdru\u017eenie (IZV) je zria\u010fovate\u013eom SC\u0160PP Stre\u010dno na z\u00e1klade z\u00e1kona o\u00a0\u0161t\u00e1tnej spr\u00e1ve v\u00a0\u0161kolstve\u00a0a\u00a0\u0161kolskej samospr\u00e1ve v\u00a0znen\u00ed neskor\u0161\u00edch predpisov<\/h2>\n<h2>(PDF &#8211; <img decoding=\"async\" class=\"alignnone wp-image-1788\" src=\"https:\/\/terrainweb.sk\/wp-content\/uploads\/2016\/06\/pdf.png\" alt=\"pdf\" width=\"33\" height=\"33\" srcset=\"https:\/\/terrainweb.sk\/wp-content\/uploads\/2016\/06\/pdf-66x66.png 66w, https:\/\/terrainweb.sk\/wp-content\/uploads\/2016\/06\/pdf-120x120.png 120w, https:\/\/terrainweb.sk\/wp-content\/uploads\/2016\/06\/pdf-150x150.png 150w, https:\/\/terrainweb.sk\/wp-content\/uploads\/2016\/06\/pdf-200x200.png 200w, https:\/\/terrainweb.sk\/wp-content\/uploads\/2016\/06\/pdf.png 256w\" sizes=\"(max-width: 33px) 100vw, 33px\" \/><a href=\"https:\/\/terrainweb.sk\/wp-content\/uploads\/2016\/08\/Zriadovacia_listina1-1.pdf\">\u00a0<strong>Zriadovacia listina 1<\/strong><\/a>\u00a0a<strong><a href=\"https:\/\/terrainweb.sk\/wp-content\/uploads\/2016\/08\/Zriadovacia_listina_2-1.pdf\"> Zriadovacia listina 2<\/a><\/strong>)<\/h2>\n<\/li>\n<\/ul>\n<ul>\n<li>\n<h2 style=\"text-align: justify;\">S\u00fakromn\u00e9 centrum \u0161peci\u00e1lno-pedagogick\u00e9ho poradenstva, ul. Ml\u00e1de\u017ee Stre\u010dno, bolo zaraden\u00e9 do siete \u0161k\u00f4l\u00a0a\u00a0\u0161kolsk\u00fdch zariaden\u00ed SR s\u00a0term\u00ednom za\u010datia \u010dinnosti od 01.09.2015.<\/h2>\n<h2 style=\"text-align: justify;\">Dokument v pdf &#8211;\u00a0<img decoding=\"async\" class=\"alignnone wp-image-1788\" src=\"https:\/\/terrainweb.sk\/wp-content\/uploads\/2016\/06\/pdf.png\" alt=\"pdf\" width=\"32\" height=\"32\" srcset=\"https:\/\/terrainweb.sk\/wp-content\/uploads\/2016\/06\/pdf-66x66.png 66w, https:\/\/terrainweb.sk\/wp-content\/uploads\/2016\/06\/pdf-120x120.png 120w, https:\/\/terrainweb.sk\/wp-content\/uploads\/2016\/06\/pdf-150x150.png 150w, https:\/\/terrainweb.sk\/wp-content\/uploads\/2016\/06\/pdf-200x200.png 200w, https:\/\/terrainweb.sk\/wp-content\/uploads\/2016\/06\/pdf.png 256w\" sizes=\"(max-width: 32px) 100vw, 32px\" \/>\u00a0<strong><a href=\"https:\/\/terrainweb.sk\/wp-content\/uploads\/2016\/08\/Rozhodnutie-1.pdf\">Rozhodnutie<\/a><\/strong>)<\/h2>\n<\/li>\n<\/ul>\n<\/div><div class=\"fusion-clearfix\"><\/div><\/div><\/div><\/div><\/div>\n","protected":false},"excerpt":{"rendered":"","protected":false},"author":1,"featured_media":0,"parent":0,"menu_order":0,"comment_status":"closed","ping_status":"closed","template":"","meta":{"footnotes":""},"class_list":["post-1469","page","type-page","status-publish","hentry"],"_links":{"self":[{"href":"https:\/\/terrainweb.sk\/index.php?rest_route=\/wp\/v2\/pages\/1469","targetHints":{"allow":["GET"]}}],"collection":[{"href":"https:\/\/terrainweb.sk\/index.php?rest_route=\/wp\/v2\/pages"}],"about":[{"href":"https:\/\/terrainweb.sk\/index.php?rest_route=\/wp\/v2\/types\/page"}],"author":[{"embeddable":true,"href":"https:\/\/terrainweb.sk\/index.php?rest_route=\/wp\/v2\/users\/1"}],"replies":[{"embeddable":true,"href":"https:\/\/terrainweb.sk\/index.php?rest_route=%2Fwp%2Fv2%2Fcomments&post=1469"}],"version-history":[{"count":0,"href":"https:\/\/terrainweb.sk\/index.php?rest_route=\/wp\/v2\/pages\/1469\/revisions"}],"wp:attachment":[{"href":"https:\/\/terrainweb.sk\/index.php?rest_route=%2Fwp%2Fv2%2Fmedia&parent=1469"}],"curies":[{"name":"wp","href":"https:\/\/api.w.org\/{rel}","templated":true}]}}